{"id":3,"date":"2020-07-02T10:01:57","date_gmt":"2020-07-02T10:01:57","guid":{"rendered":"https:\/\/grupotoba.es\/?page_id=3"},"modified":"2020-07-12T22:55:34","modified_gmt":"2020-07-12T22:55:34","slug":"politica-privacidad","status":"publish","type":"page","link":"https:\/\/grupotoba.es\/en\/politica-privacidad\/","title":{"rendered":"Pol\u00edtica de Privacidad"},"content":{"rendered":"<p><strong>PLARTOBA, S.L.<\/strong> quiere poner en conocimiento de los usuarios y clientes de su p\u00e1gina Web, la pol\u00edtica llevada a cabo respecto al tratamiento y protecci\u00f3n de los datos de car\u00e1cter personal de aquellas personas que voluntariamente utilizan los formularios de contacto para contactar con <strong>PLARTOBA, S.L.<\/strong> , as\u00ed como el acceso a su p\u00e1gina propia, que impliquen la comunicaci\u00f3n de sus datos personales a <strong>PLARTOBA, S.L.<\/strong><\/p>\n\n\n\n<h2 class=\"wp-block-heading\">1.- Identificaci\u00f3n del responsable del fichero<\/h2>\n\n\n\n<p><strong>PLARTOBA, S.L.<\/strong> provista de <strong>B 76 028 695<\/strong>, informa al usuario y cliente de su p\u00e1gina Web de la existencia de un fichero automatizado de datos personales denominado CLIENTES, debidamente inscrito ante la Agencia Espa\u00f1ola de Protecci\u00f3n de Datos, donde se recogen y almacenan los datos personales que el usuario y el cliente le comunican a fin de gestionar su solicitud.<\/p>\n\n\n\n<h2 class=\"wp-block-heading\">2.- Actualizaci\u00f3n de las pol\u00edticas<\/h2>\n\n\n\n<p><strong>PLARTOBA, S.L.<\/strong> modificar\u00e1, sin previo aviso, la presente pol\u00edtica de privacidad siempre que sea necesario para adecuar la misma a cualquier cambio legislativo, reglamentario, jurisprudencial, administrativo o con la finalidad de adaptar dicha pol\u00edtica a las instrucciones dictadas por la Agencia de Protecci\u00f3n de Datos u objeto leg\u00edtimo de <strong>PLARTOBA, S.L.<\/strong>. Cualquier modificaci\u00f3n de esta pol\u00edtica no obstante lo anterior, ser\u00e1 publicada y advertida en la p\u00e1gina Web de <strong>PLARTOBA, S.L.<\/strong> y en la pol\u00edtica misma. Por todo lo anterior, <strong>PLARTOBA, S.L.<\/strong> recomienda a los usuarios la lectura peri\u00f3dica de estas pol\u00edticas con el fin de poder conocer los cambios que en las mismas se efect\u00faen.<\/p>\n\n\n\n<h2 class=\"wp-block-heading\">3.- Finalidad del fichero<\/h2>\n\n\n\n<p><strong>PLARTOBA, S.L.<\/strong> no solicita en su p\u00e1gina Web, datos a los usuarios que la visiten, salvo datos meramente identificativos, por lo tanto, la comunicaci\u00f3n de datos personales por el usuario a <strong>PLARTOBA, S.L.<\/strong> a trav\u00e9s de su p\u00e1gina Web \u00fanicamente puede entenderse que tendr\u00e1 lugar cuando \u00e9stos voluntariamente utilicen el servicio de formulario de contacto para ponerse en contacto con <strong>PLARTOBA, S.L.<\/strong>, dado que en estos casos el tratamiento de los datos es inevitable e impl\u00edcito al sistema de comunicaci\u00f3n. Para estos casos y los descritos en el siguiente apartado, la entidad, informa al cliente que el tratamiento de los datos se realiza con las siguientes finalidades: Llevar a cabo todas las gestiones relacionadas con la elaboraci\u00f3n de presupuestos, contrataci\u00f3n y prestaci\u00f3n de servicios de <strong>PLARTOBA, S.L.<\/strong>, a la empresa a la que pertenece o en su caso al interesado que lo solicite. As\u00ed como atender y contestar las comunicaciones recibidas y las de prospecci\u00f3n comercial -mantener informado a los usuarios de eventuales promociones-<\/p>\n\n\n\n<h2 class=\"wp-block-heading\">4.- Consentimiento<\/h2>\n\n\n\n<p>Se informa que cuando el usuario no mantenga relaciones comerciales con <strong>PLARTOBA, S.L.<\/strong> &nbsp;y realice el env\u00edo de un correo electr\u00f3nico o una comunicaci\u00f3n a <strong>PLARTOBA, S.L.<\/strong> indicando otros datos personales, dicho usuario estar\u00e1 dando su consentimiento libre, inequ\u00edvoco, espec\u00edfico, informado y expreso para el tratamiento de sus datos personales por <strong>PLARTOBA, S.L.<\/strong>, con las finalidades establecidas anteriormente, as\u00ed como atender su comunicaci\u00f3n o enviar documentaci\u00f3n.<\/p>\n\n\n\n<p>A los mismos efectos, <strong>PLARTOBA, S.L.<\/strong> informa que, si el cliente env\u00eda un correo electr\u00f3nico o comunica a <strong>PLARTOBA, S.L.<\/strong> sus datos personales en raz\u00f3n del cargo que ocupa en una empresa -ya sea como administrador, gerente, representante y\/o cualquier otro cargo como persona de contacto en la empresa-, se entender\u00e1 que tal comunicaci\u00f3n conlleva la prestaci\u00f3n de su consentimiento libre, inequ\u00edvoco, espec\u00edfico, informado y expreso para el tratamiento de sus datos personales por <strong>PLARTOBA, S.L.<\/strong>, con las finalidades establecidas anteriormente.<\/p>\n\n\n\n<p>5.- Identificaci\u00f3n de los destinatarios respecto de los que <strong>PLARTOBA, S.L.<\/strong> tenga previsto la realizaci\u00f3n de cesiones o acceso a datos por cuenta de terceros <strong>PLARTOBA, S.L.<\/strong> \u00fanicamente tiene prevista la realizaci\u00f3n de cesiones o comunicaciones de datos que en raz\u00f3n del art\u00edculo 11.2.c. de la Ley Org\u00e1nica 15\/99 de protecci\u00f3n de datos de car\u00e1cter personal (en adelante LOPD) deba realizar para atender sus obligaciones con las Administraciones P\u00fablicas, Organismos o personas directamente relacionadas con <strong>PLARTOBA, S.L.<\/strong>, en los casos que as\u00ed se requiera de acuerdo con la Legislaci\u00f3n vigente en cada materia y en cada momento.<\/p>\n\n\n\n<p>Igualmente <strong>PLARTOBA, S.L.<\/strong> &nbsp;pone en conocimiento del usuario, que cualquier otra cesi\u00f3n de datos que deba realizar, ser\u00e1 puesta en su conocimiento cuando as\u00ed lo prevea la LOPD, inform\u00e1ndole de modo expreso, preciso e inequ\u00edvoco de los destinatarios de la informaci\u00f3n, de la finalidad a que se destinar\u00e1n los datos, y de la naturaleza de los datos cedidos, o en su caso, cuando la LOPD lo establezca, previamente se solicitar\u00e1 el consentimiento inequ\u00edvoco espec\u00edfico e informado al usuario.<\/p>\n\n\n\n<p>No obstante, <strong>PLARTOBA, S.L.<\/strong> &nbsp;informa al usuario y al cliente que cualquier tratamiento de datos personales, se sujeta a la legislaci\u00f3n vigente en Espa\u00f1a en materia de protecci\u00f3n de datos, establecida por la LOPD y su normativa complementaria y de desarrollo. En este sentido, <strong>PLARTOBA, S.L.<\/strong> s\u00f3lo es responsable y garantiza la confidencialidad de los datos de car\u00e1cter personal que solicite al usuario a trav\u00e9s de la p\u00e1gina Web.<\/p>\n\n\n\n<h2 class=\"wp-block-heading\">6.- Calidad de los datos<\/h2>\n\n\n\n<p><strong>PLARTOBA, S.L.<\/strong> advierte al usuario, que salvo la existencia de una representaci\u00f3n legalmente constituida, ning\u00fan usuario puede utilizar la identidad de otra persona y comunicar sus datos personales, por lo que el usuario en todo momento deber\u00e1 tener en cuenta que, s\u00f3lo puede incluir datos personales correspondientes a su propia identidad y que sean adecuados, pertinentes, actuales, exactos y verdaderos. A tales efectos, el usuario ser\u00e1 el \u00fanico responsable frente a cualquier da\u00f1o, directo y\/o indirecto que cause a terceros o a <strong>PLARTOBA, S.L.<\/strong>, por el uso de datos personales de otra persona, o sus propios datos personales cuando sean falsos, err\u00f3neos, no actuales, inadecuados o impertinentes. Igualmente, el usuario que utilice los datos personales de un tercero, responder\u00e1 ante \u00e9ste de la obligaci\u00f3n de informaci\u00f3n establecida en el art\u00edculo 5.4 de la LOPD para cuando los datos de car\u00e1cter personal no hayan sido recabados del propio interesado, y\/o de las consecuencias de no haberle informado.<\/p>\n\n\n\n<p>7.- Ejercicio de los derechos de acceso, oposici\u00f3n, rectificaci\u00f3n y cancelaci\u00f3n de los datos <strong>PLARTOBA, S.L.<\/strong> informa al usuario de la posibilidad de ejercitar sus derechos de acceso, rectificaci\u00f3n, cancelaci\u00f3n y oposici\u00f3n mediante solicitud escrita dirigida <strong>PLARTOBA, S.L.<\/strong> en la siguiente direcci\u00f3n: <strong>C\/ Francisco Gouri\u00e9 107 \u2013 5\u00aa Planta 35002 Las Palmas de Gran Canaria<\/strong>, Espa\u00f1a, o a trav\u00e9s del siguiente correo electr\u00f3nico <strong>info@palmcafeworld.com<\/strong>.<\/p>\n\n\n\n<p>8.- Uso de formularios para la recogida de datos personales por <strong>PLARTOBA, S.L.<\/strong><\/p>\n\n\n\n<p><strong>PLARTOBA, S.L. <\/strong>incluye una leyenda en el formulario de recogida de datos, donde se indican todas las condiciones para el tratamiento de los datos de car\u00e1cter personal de acuerdo con el art\u00edculo 5 de la LOPD, tales como el car\u00e1cter obligatorio o facultativo de la respuesta a las preguntas que les sean planteadas, las consecuencias de la obtenci\u00f3n de los datos o de la negativa a suministrarlos, las finalidades de la recogida, las posibles cesiones que se lleven a cabo, y el consentimiento para los tratamientos de datos de car\u00e1cter personal que se realicen.<\/p>\n\n\n\n<p>9.- Medidas de seguridad adoptadas con relaci\u00f3n al tratamiento de los datos personales<\/p>\n\n\n\n<p><strong>PLARTOBA, S.L. <\/strong>informa al usuario que, de conformidad con lo dispuesto en la LOPD y el Reglamento de Medidas de Seguridad, ha adoptado las medidas de \u00edndole t\u00e9cnica y organizativas necesarias para garantizar la seguridad de los datos de car\u00e1cter personal y evitar la alteraci\u00f3n, p\u00e9rdida, tratamiento o acceso no autorizado, habida cuenta del estado de la tecnolog\u00eda, la naturaleza de los datos almacenados y los riesgos a que est\u00e1n expuestos. Igualmente, <strong>PLARTOBA, S.L.<\/strong> garantiza al usuario el cumplimiento del deber de secreto profesional respecto de los datos personales de los usuarios y del deber de guardarlos.<\/p>","protected":false},"excerpt":{"rendered":"<p>PLARTOBA, S.L. quiere poner en conocimiento de los usuarios y clientes de su p\u00e1gina Web, la pol\u00edtica llevada a cabo respecto al tratamiento y protecci\u00f3n de los datos de car\u00e1cter personal de aquellas personas que voluntariamente utilizan los formularios de&hellip;<\/p>","protected":false},"author":2,"featured_media":0,"parent":0,"menu_order":0,"comment_status":"closed","ping_status":"open","template":"templates\/no-sidebar.php","meta":{"footnotes":""},"class_list":["post-3","page","type-page","status-publish","hentry","entry","no-media"],"aioseo_notices":[],"_links":{"self":[{"href":"https:\/\/grupotoba.es\/en\/wp-json\/wp\/v2\/pages\/3","targetHints":{"allow":["GET"]}}],"collection":[{"href":"https:\/\/grupotoba.es\/en\/wp-json\/wp\/v2\/pages"}],"about":[{"href":"https:\/\/grupotoba.es\/en\/wp-json\/wp\/v2\/types\/page"}],"author":[{"embeddable":true,"href":"https:\/\/grupotoba.es\/en\/wp-json\/wp\/v2\/users\/2"}],"replies":[{"embeddable":true,"href":"https:\/\/grupotoba.es\/en\/wp-json\/wp\/v2\/comments?post=3"}],"version-history":[{"count":1,"href":"https:\/\/grupotoba.es\/en\/wp-json\/wp\/v2\/pages\/3\/revisions"}],"predecessor-version":[{"id":202,"href":"https:\/\/grupotoba.es\/en\/wp-json\/wp\/v2\/pages\/3\/revisions\/202"}],"wp:attachment":[{"href":"https:\/\/grupotoba.es\/en\/wp-json\/wp\/v2\/media?parent=3"}],"curies":[{"name":"wp","href":"https:\/\/api.w.org\/{rel}","templated":true}]}}